{"id":12177,"date":"2022-01-07T12:22:25","date_gmt":"2022-01-07T11:22:25","guid":{"rendered":"https:\/\/tybet.hfhr.org.pl\/?page_id=12177"},"modified":"2022-01-07T12:32:14","modified_gmt":"2022-01-07T11:32:14","slug":"piblikacje","status":"publish","type":"page","link":"https:\/\/tybet.hfhr.org.pl\/?page_id=12177","title":{"rendered":"Publikacje"},"content":{"rendered":"\n<p><em>Tybet: Zamiast nadziei i b\u0142ogos\u0142awie\u0144stw<\/em><\/p>\n<p><a href=\"https:\/\/tybet.hfhr.org.pl\/wp-content\/uploads\/2022\/01\/canvas-e1641553964467.png\"><img loading=\"lazy\" decoding=\"async\" class=\"alignnone size-medium wp-image-12176\" src=\"https:\/\/tybet.hfhr.org.pl\/wp-content\/uploads\/2022\/01\/canvas-e1641553964467-209x300.png\" alt=\"\" width=\"209\" height=\"300\" srcset=\"https:\/\/tybet.hfhr.org.pl\/wp-content\/uploads\/2022\/01\/canvas-e1641553964467-209x300.png 209w, https:\/\/tybet.hfhr.org.pl\/wp-content\/uploads\/2022\/01\/canvas-e1641553964467.png 325w\" sizes=\"auto, (max-width: 209px) 100vw, 209px\" \/><\/a><\/p>\n<ul>\n<li><a href=\"https:\/\/polona.pl\/item\/tybet-zamiast-nadziei-i-blogoslawienstw,MTM2OTY1NTMz\/0\/#info:metadata\" target=\"_blank\" rel=\"noopener noreferrer\">online lub pdf na polona.pl<\/a><\/li>\n<\/ul>\n\n\n\n<p>\u00a0<\/p>\n<p><em>Tybet: Od Lito\u015bciwej Ma\u0142py po Tr\u00f3jn\u00f3g Narodowej Jedno\u015bci <\/em><\/p>\n<p><a href=\"https:\/\/tybet.hfhr.org.pl\/wp-content\/uploads\/2022\/01\/Tybet_od-Lito\u015bciwej-Ma\u0142py-po-Tr\u00f3jn\u00f3g-Narodowej-Jedno\u015bci-e1641554234649.png\" target=\"_blank\" rel=\"noopener noreferrer\"><img loading=\"lazy\" decoding=\"async\" class=\"alignnone size-medium wp-image-12175\" src=\"https:\/\/tybet.hfhr.org.pl\/wp-content\/uploads\/2022\/01\/Tybet_od-Lito\u015bciwej-Ma\u0142py-po-Tr\u00f3jn\u00f3g-Narodowej-Jedno\u015bci-e1641554234649-300x208.png\" alt=\"\" width=\"300\" height=\"208\" srcset=\"https:\/\/tybet.hfhr.org.pl\/wp-content\/uploads\/2022\/01\/Tybet_od-Lito\u015bciwej-Ma\u0142py-po-Tr\u00f3jn\u00f3g-Narodowej-Jedno\u015bci-e1641554234649-300x208.png 300w, https:\/\/tybet.hfhr.org.pl\/wp-content\/uploads\/2022\/01\/Tybet_od-Lito\u015bciwej-Ma\u0142py-po-Tr\u00f3jn\u00f3g-Narodowej-Jedno\u015bci-e1641554234649.png 677w\" sizes=\"auto, (max-width: 300px) 100vw, 300px\" \/><\/a><\/p>\n<ul>\n<li><a href=\"https:\/\/polona.pl\/item\/tybet-od-litosciwej-malpy-po-trojnog-narodowej-jednosci,MTM2OTY1NTMy\/0\/#info:metadata\" target=\"_blank\" rel=\"noopener noreferrer\">online lub pdf na polona.pl<\/a><\/li>\n<\/ul>\n\n\n\n<p>&nbsp;<\/p>\n<p><em>Tybet: Czas \u017celaznych ptak\u00f3w<\/em><\/p>\n<p><a href=\"https:\/\/tybet.hfhr.org.pl\/wp-content\/uploads\/2022\/01\/Tybet_czas-\u017celaznych-ptak\u00f3w-e1641554419614.png\"><img loading=\"lazy\" decoding=\"async\" class=\"alignnone size-medium wp-image-12174\" src=\"https:\/\/tybet.hfhr.org.pl\/wp-content\/uploads\/2022\/01\/Tybet_czas-\u017celaznych-ptak\u00f3w-e1641554419614-300x211.png\" alt=\"\" width=\"300\" height=\"211\" srcset=\"https:\/\/tybet.hfhr.org.pl\/wp-content\/uploads\/2022\/01\/Tybet_czas-\u017celaznych-ptak\u00f3w-e1641554419614-300x211.png 300w, https:\/\/tybet.hfhr.org.pl\/wp-content\/uploads\/2022\/01\/Tybet_czas-\u017celaznych-ptak\u00f3w-e1641554419614.png 665w\" sizes=\"auto, (max-width: 300px) 100vw, 300px\" \/><\/a><\/p>\n<ul>\n<li><a href=\"https:\/\/polona.pl\/item\/tybet-czas-zelaznych-ptakow,MTM2OTY1NTMx\/0\/#info:metadata\" target=\"_blank\" rel=\"noopener noreferrer\">online na polona.pl<\/a><\/li>\n<\/ul>\n","protected":false},"excerpt":{"rendered":"<p>Tybet: Zamiast nadziei i b\u0142ogos\u0142awie\u0144stw online lub pdf na polona.pl \u00a0 Tybet: Od Lito\u015bciwej Ma\u0142py po Tr\u00f3jn\u00f3g Narodowej Jedno\u015bci online lub pdf na polona.pl &nbsp; Tybet: Czas \u017celaznych ptak\u00f3w online na polona.pl<\/p>\n","protected":false},"author":1,"featured_media":0,"parent":0,"menu_order":0,"comment_status":"closed","ping_status":"closed","template":"","meta":{"footnotes":""},"class_list":["post-12177","page","type-page","status-publish","hentry"],"_links":{"self":[{"href":"https:\/\/tybet.hfhr.org.pl\/index.php?rest_route=\/wp\/v2\/pages\/12177","targetHints":{"allow":["GET"]}}],"collection":[{"href":"https:\/\/tybet.hfhr.org.pl\/index.php?rest_route=\/wp\/v2\/pages"}],"about":[{"href":"https:\/\/tybet.hfhr.org.pl\/index.php?rest_route=\/wp\/v2\/types\/page"}],"author":[{"embeddable":true,"href":"https:\/\/tybet.hfhr.org.pl\/index.php?rest_route=\/wp\/v2\/users\/1"}],"replies":[{"embeddable":true,"href":"https:\/\/tybet.hfhr.org.pl\/index.php?rest_route=%2Fwp%2Fv2%2Fcomments&post=12177"}],"version-history":[{"count":9,"href":"https:\/\/tybet.hfhr.org.pl\/index.php?rest_route=\/wp\/v2\/pages\/12177\/revisions"}],"predecessor-version":[{"id":12187,"href":"https:\/\/tybet.hfhr.org.pl\/index.php?rest_route=\/wp\/v2\/pages\/12177\/revisions\/12187"}],"wp:attachment":[{"href":"https:\/\/tybet.hfhr.org.pl\/index.php?rest_route=%2Fwp%2Fv2%2Fmedia&parent=12177"}],"curies":[{"name":"wp","href":"https:\/\/api.w.org\/{rel}","templated":true}]}}