{"id":147,"date":"2014-11-20T20:18:31","date_gmt":"2014-11-20T19:18:31","guid":{"rendered":"http:\/\/www.hfhrpol.waw.pl\/tybet\/?page_id=147"},"modified":"2025-09-23T07:40:59","modified_gmt":"2025-09-23T05:40:59","slug":"podzial-administracyjny","status":"publish","type":"page","link":"https:\/\/tybet.hfhr.org.pl\/?page_id=147","title":{"rendered":"Podzia\u0142 administracyjny"},"content":{"rendered":"<div class=\"entry-content\">\n<p><strong>Tybeta\u0144skie prefektury i okr\u0119gi administracyjne w ChRL<\/strong><\/p>\n<p>Lista wszystkich tybeta\u0144skich okr\u0119g\u00f3w autonomicznych lub, w przypadku wschodniej cz\u0119\u015bci Qinghai, posiadaj\u0105cych du\u017ce spo\u0142eczno\u015bci tybeta\u0144skie. Pierwsza nazwa jest nazw\u0105 tybeta\u0144sk\u0105, druga chi\u0144sk\u0105 w transkrypcji pinyin.<\/p>\n<p>TPA Tybeta\u0144ska Prefektura Autonomiczna<\/p>\n<p>T-MPA Tybeta\u0144sko-Mongolska Prefektura Autonomiczna<\/p>\n<p>T-QPA Tybeta\u0144sko-Qiangowska Prefektura Autonomiczna<\/p>\n<p>YPA Yi\u0144ska Prefektura Autonomiczna<\/p>\n<p>OA Okr\u0119g Autonomiczny<\/p>\n<p>TOA Tybeta\u0144ski Okr\u0119g Autonomiczny<\/p>\n<p>MOA Mongolski Okr\u0119g Autonomiczny<\/p>\n<p><strong>Tybeta\u0144ski Region Autonomiczny (TRA)<\/strong><\/p>\n<table border=\"0\" width=\"614\" cellspacing=\"0\" cellpadding=\"2\">\n<colgroup>\n<col width=\"303\" \/>\n<col width=\"303\" \/> <\/colgroup>\n<tbody>\n<tr>\n<td width=\"303\"><strong>Prefektura miasto Czamdo<\/strong><\/td>\n<td width=\"303\"><strong>Changdu<\/strong><\/td>\n<\/tr>\n<tr>\n<td width=\"303\">Bitu<\/td>\n<td width=\"303\">Bitu<\/td>\n<\/tr>\n<tr>\n<td width=\"303\">Czamdo<\/td>\n<td width=\"303\">Changdu<\/td>\n<\/tr>\n<tr>\n<td width=\"303\">Dengczen<\/td>\n<td width=\"303\">Dingqing<\/td>\n<\/tr>\n<tr>\n<td width=\"303\">Dragjab<\/td>\n<td width=\"303\">Chaya<\/td>\n<\/tr>\n<tr>\n<td width=\"303\">Dzogang<\/td>\n<td width=\"303\">Zuogang<\/td>\n<\/tr>\n<tr>\n<td width=\"303\">Dzomda<\/td>\n<td width=\"303\">Jiangda<\/td>\n<\/tr>\n<tr>\n<td width=\"303\">Gondzio<\/td>\n<td width=\"303\">Gongjue<\/td>\n<\/tr>\n<tr>\n<td width=\"303\">Jandzin<\/td>\n<td width=\"303\">Yanjing<\/td>\n<\/tr>\n<tr>\n<td width=\"303\">Lhorong<\/td>\n<td width=\"303\">Luolong<\/td>\n<\/tr>\n<tr>\n<td width=\"303\">Markham<\/td>\n<td width=\"303\">Mangkang<\/td>\n<\/tr>\n<tr>\n<td width=\"303\">Palbar<\/td>\n<td width=\"303\">Bianba<\/td>\n<\/tr>\n<tr>\n<td width=\"303\">Pasze<\/td>\n<td width=\"303\">Basu<\/td>\n<\/tr>\n<tr>\n<td width=\"303\">Ri\u0142ocze<\/td>\n<td width=\"303\">Leiwuqi<\/td>\n<\/tr>\n<tr>\n<td width=\"303\">Srida<\/td>\n<td width=\"303\">Shengda<\/td>\n<\/tr>\n<tr>\n<td width=\"303\">Thopa<\/td>\n<td width=\"303\">Tuoba<\/td>\n<\/tr>\n<\/tbody>\n<\/table>\n<table border=\"0\" width=\"614\" cellspacing=\"0\" cellpadding=\"2\">\n<colgroup>\n<col width=\"303\" \/>\n<col width=\"303\" \/> <\/colgroup>\n<tbody>\n<tr>\n<td width=\"303\"><strong>Prefektura miasto Lhasa<\/strong><\/td>\n<td width=\"303\"><strong>Lasa shi<\/strong><\/td>\n<\/tr>\n<tr>\n<td width=\"303\">Czuszur<\/td>\n<td width=\"303\">Chushui \/ Quxu<\/td>\n<\/tr>\n<tr>\n<td width=\"303\">Damszung<\/td>\n<td width=\"303\">Dangxiong<\/td>\n<\/tr>\n<tr>\n<td width=\"303\">Lhasa<\/td>\n<td width=\"303\">Lasa<\/td>\n<\/tr>\n<tr>\n<td width=\"303\">Lhundrub<\/td>\n<td width=\"303\">Lingzhi<\/td>\n<\/tr>\n<tr>\n<td width=\"303\">Maldrogongkar<\/td>\n<td width=\"303\">Mozhugongka<\/td>\n<\/tr>\n<tr>\n<td width=\"303\">Njemo<\/td>\n<td width=\"303\">Nimu<\/td>\n<\/tr>\n<tr>\n<td width=\"303\">Tagce<\/td>\n<td width=\"303\">Dazi<\/td>\n<\/tr>\n<tr>\n<td width=\"303\">Tolung Deczen<\/td>\n<td width=\"303\">Duilongdeqing<\/td>\n<\/tr>\n<\/tbody>\n<\/table>\n<table border=\"0\" width=\"614\" cellspacing=\"0\" cellpadding=\"2\">\n<colgroup>\n<col width=\"303\" \/>\n<col width=\"303\" \/> <\/colgroup>\n<tbody>\n<tr>\n<td width=\"303\"><strong>Prefektura miasto Lhoka<\/strong><\/td>\n<td width=\"303\"><strong>Shannan<\/strong><\/td>\n<\/tr>\n<tr>\n<td width=\"303\">Come<\/td>\n<td width=\"303\">Cuomei<\/td>\n<\/tr>\n<tr>\n<td width=\"303\">Cona<\/td>\n<td width=\"303\">Cuona<\/td>\n<\/tr>\n<tr>\n<td width=\"303\">Czonggje<\/td>\n<td width=\"303\">Qiongjie<\/td>\n<\/tr>\n<tr>\n<td width=\"303\">Czusum<\/td>\n<td width=\"303\">Qusong<\/td>\n<\/tr>\n<tr>\n<td width=\"303\">Dranang<\/td>\n<td width=\"303\">Zanang<\/td>\n<\/tr>\n<tr>\n<td width=\"303\">Gjaca<\/td>\n<td width=\"303\">Jiacha<\/td>\n<\/tr>\n<tr>\n<td width=\"303\">Gongkar<\/td>\n<td width=\"303\">Gongga<\/td>\n<\/tr>\n<tr>\n<td width=\"303\">Lhodrag<\/td>\n<td width=\"303\">Luoza<\/td>\n<\/tr>\n<tr>\n<td width=\"303\">Lhunce<\/td>\n<td width=\"303\">Longzi<\/td>\n<\/tr>\n<tr>\n<td width=\"303\">Nakarce<\/td>\n<td width=\"303\">Langkazi<\/td>\n<\/tr>\n<tr>\n<td width=\"303\">Nedong<\/td>\n<td width=\"303\">Naidong<\/td>\n<\/tr>\n<tr>\n<td width=\"303\">Zangri<\/td>\n<td width=\"303\">Sangri<\/td>\n<\/tr>\n<\/tbody>\n<\/table>\n<table border=\"0\" width=\"614\" cellspacing=\"0\" cellpadding=\"2\">\n<colgroup>\n<col width=\"303\" \/>\n<col width=\"303\" \/> <\/colgroup>\n<tbody>\n<tr>\n<td width=\"303\"><strong>Prefektura miasto Nagczu\u00a0<\/strong><\/td>\n<td width=\"303\"><strong>Naqu<\/strong><\/td>\n<\/tr>\n<tr>\n<td width=\"303\">Amdo<\/td>\n<td width=\"303\">Anduo<\/td>\n<\/tr>\n<tr>\n<td width=\"303\">Conji<\/td>\n<td width=\"303\">Shuanghu<\/td>\n<\/tr>\n<tr>\n<td width=\"303\">Draczen<\/td>\n<td width=\"303\">Baqing<\/td>\n<\/tr>\n<tr>\n<td width=\"303\">Driru<\/td>\n<td width=\"303\">Biru<\/td>\n<\/tr>\n<tr>\n<td width=\"303\">Lhari<\/td>\n<td width=\"303\">Jiali<\/td>\n<\/tr>\n<tr>\n<td width=\"303\">Nagczu<\/td>\n<td width=\"303\">Naqu<\/td>\n<\/tr>\n<tr>\n<td width=\"303\">Njanrong<\/td>\n<td width=\"303\">Nierong<\/td>\n<\/tr>\n<tr>\n<td width=\"303\">Njima<\/td>\n<td width=\"303\">Nima<\/td>\n<\/tr>\n<tr>\n<td width=\"303\">Palgon<\/td>\n<td width=\"303\">Bange<\/td>\n<\/tr>\n<tr>\n<td width=\"303\">Sog<\/td>\n<td width=\"303\">Suo<\/td>\n<\/tr>\n<tr>\n<td width=\"303\">Szanca<\/td>\n<td width=\"303\">Shenza<\/td>\n<\/tr>\n<\/tbody>\n<\/table>\n<table border=\"0\" width=\"614\" cellspacing=\"0\" cellpadding=\"2\">\n<colgroup>\n<col width=\"303\" \/>\n<col width=\"303\" \/> <\/colgroup>\n<tbody>\n<tr>\n<td width=\"303\"><strong>Prefektura Ngari\u00a0<\/strong><\/td>\n<td width=\"303\"><strong>Ali<\/strong><\/td>\n<\/tr>\n<tr>\n<td width=\"303\">Camda<\/td>\n<td width=\"303\">Zhada<\/td>\n<\/tr>\n<tr>\n<td width=\"303\">Coczen<\/td>\n<td width=\"303\">Cuoqin<\/td>\n<\/tr>\n<tr>\n<td width=\"303\">Gar<\/td>\n<td width=\"303\">Geer<\/td>\n<\/tr>\n<tr>\n<td width=\"303\">Gerce<\/td>\n<td width=\"303\">Gaize<\/td>\n<\/tr>\n<tr>\n<td width=\"303\">Gergje<\/td>\n<td width=\"303\">Geji<\/td>\n<\/tr>\n<tr>\n<td width=\"303\">Lungkar<\/td>\n<td width=\"303\">Longgeer<\/td>\n<\/tr>\n<tr>\n<td width=\"303\">Purang<\/td>\n<td width=\"303\">Pulan<\/td>\n<\/tr>\n<tr>\n<td width=\"303\">Ruthog<\/td>\n<td width=\"303\">Ritu<\/td>\n<\/tr>\n<\/tbody>\n<\/table>\n<table border=\"0\" width=\"614\" cellspacing=\"0\" cellpadding=\"2\">\n<colgroup>\n<col width=\"303\" \/>\n<col width=\"303\" \/> <\/colgroup>\n<tbody>\n<tr>\n<td width=\"303\"><strong>Prefektura miasto Njingtri \/ Kongpo\u00a0<\/strong><\/td>\n<td width=\"303\"><strong>Lingzhi \/ Gongbu<\/strong><\/td>\n<\/tr>\n<tr>\n<td width=\"303\">Dzajul<\/td>\n<td width=\"303\">Chayu<\/td>\n<\/tr>\n<tr>\n<td width=\"303\">Kongpo Gjamda<\/td>\n<td width=\"303\">Gongbu Jiangda<\/td>\n<\/tr>\n<tr>\n<td width=\"303\">Metog \/ Pema Ko<\/td>\n<td width=\"303\">Motuo<\/td>\n<\/tr>\n<tr>\n<td width=\"303\">Miling \/ Manling<\/td>\n<td width=\"303\">Milin<\/td>\n<\/tr>\n<tr>\n<td width=\"303\">Nang<\/td>\n<td width=\"303\">Lang<\/td>\n<\/tr>\n<tr>\n<td width=\"303\">Njingtri<\/td>\n<td width=\"303\">Lingzhi<\/td>\n<\/tr>\n<tr>\n<td width=\"303\">Pome<\/td>\n<td width=\"303\">Bomi<\/td>\n<\/tr>\n<\/tbody>\n<\/table>\n<table border=\"0\" width=\"614\" cellspacing=\"0\" cellpadding=\"2\">\n<colgroup>\n<col width=\"303\" \/>\n<col width=\"303\" \/> <\/colgroup>\n<tbody>\n<tr>\n<td width=\"303\"><strong>Prefektura miasto Szigace<\/strong><\/td>\n<td width=\"303\"><strong>Rigaze \/ Xigaze<br \/>\n<\/strong><\/td>\n<\/tr>\n<tr>\n<td width=\"303\">Dingkje<\/td>\n<td width=\"303\">Dingjie<\/td>\n<\/tr>\n<tr>\n<td width=\"303\">Dingri<\/td>\n<td width=\"303\">Dingri<\/td>\n<\/tr>\n<tr>\n<td width=\"303\">Dromo<\/td>\n<td width=\"303\">Yadong<\/td>\n<\/tr>\n<tr>\n<td width=\"303\">Drongpa<\/td>\n<td width=\"303\">Zhongba<\/td>\n<\/tr>\n<tr>\n<td width=\"303\">Gampa<\/td>\n<td width=\"303\">Gangba<\/td>\n<\/tr>\n<tr>\n<td width=\"303\">Gjance<\/td>\n<td width=\"303\">Jiangzi<\/td>\n<\/tr>\n<tr>\n<td width=\"303\">Khangmar<\/td>\n<td width=\"303\">Kangma<\/td>\n<\/tr>\n<tr>\n<td width=\"303\">Kjirong<\/td>\n<td width=\"303\">Jilong<\/td>\n<\/tr>\n<tr>\n<td width=\"303\">Lhace<\/td>\n<td width=\"303\">Lazi<\/td>\n<\/tr>\n<tr>\n<td width=\"303\">Namling<\/td>\n<td width=\"303\">Nanmulin<\/td>\n<\/tr>\n<tr>\n<td width=\"303\">Ngamring<\/td>\n<td width=\"303\">Angren<\/td>\n<\/tr>\n<tr>\n<td width=\"303\">Njalam<\/td>\n<td width=\"303\">Nielamu<\/td>\n<\/tr>\n<tr>\n<td width=\"303\">Panam<\/td>\n<td width=\"303\">Bailang<\/td>\n<\/tr>\n<tr>\n<td width=\"303\">Rinpung<\/td>\n<td width=\"303\">Renbu<\/td>\n<\/tr>\n<tr>\n<td width=\"303\">Saga<\/td>\n<td width=\"303\">Saga<\/td>\n<\/tr>\n<tr>\n<td width=\"303\">Sakja<\/td>\n<td width=\"303\">Sajia<\/td>\n<\/tr>\n<tr>\n<td width=\"303\">Szigace<\/td>\n<td width=\"303\">Rigaze<\/td>\n<\/tr>\n<tr>\n<td width=\"303\">\u017bethongmon<\/td>\n<td width=\"303\">Xietongmen<\/td>\n<\/tr>\n<\/tbody>\n<\/table>\n<p><strong>Prowincja Yunnan<\/strong><\/p>\n<table border=\"0\" width=\"614\" cellspacing=\"0\" cellpadding=\"2\">\n<colgroup>\n<col width=\"303\" \/>\n<col width=\"303\" \/> <\/colgroup>\n<tbody>\n<tr>\n<td width=\"303\"><strong>TPA Deczen\u00a0<\/strong><\/td>\n<td width=\"303\"><strong>Deqin<\/strong><\/td>\n<\/tr>\n<tr>\n<td width=\"303\">Balung<\/td>\n<td width=\"303\">Weixi<\/td>\n<\/tr>\n<tr>\n<td width=\"303\">Deczen<\/td>\n<td width=\"303\">Deqin<\/td>\n<\/tr>\n<tr>\n<td width=\"303\">Gjalthang<\/td>\n<td width=\"303\">Shangri-La (do 2001: Zhongdian)<\/td>\n<\/tr>\n<\/tbody>\n<\/table>\n<p><strong>Prowincja Qinghai<\/strong><\/p>\n<table border=\"0\" width=\"614\" cellspacing=\"0\" cellpadding=\"2\">\n<colgroup>\n<col width=\"303\" \/>\n<col width=\"303\" \/> <\/colgroup>\n<tbody>\n<tr>\n<td width=\"303\"><strong>TPA Golog\u00a0<\/strong><\/td>\n<td width=\"303\"><strong>Guoluo<\/strong><\/td>\n<\/tr>\n<tr>\n<td width=\"303\">Czigdril<\/td>\n<td width=\"303\">Jiuzhi<\/td>\n<\/tr>\n<tr>\n<td width=\"303\">Darlag<\/td>\n<td width=\"303\">Dari<\/td>\n<\/tr>\n<tr>\n<td width=\"303\">Gade<\/td>\n<td width=\"303\">Gande<\/td>\n<\/tr>\n<tr>\n<td width=\"303\">Maczen<\/td>\n<td width=\"303\">Maqin<\/td>\n<\/tr>\n<tr>\n<td width=\"303\">Mato<\/td>\n<td width=\"303\">Maduo<\/td>\n<\/tr>\n<tr>\n<td width=\"303\">Pema<\/td>\n<td width=\"303\">Banma<\/td>\n<\/tr>\n<\/tbody>\n<\/table>\n<table border=\"0\" width=\"614\" cellspacing=\"0\" cellpadding=\"2\">\n<colgroup>\n<col width=\"303\" \/>\n<col width=\"303\" \/> <\/colgroup>\n<tbody>\n<tr>\n<td width=\"303\"><strong>TPA Malho\u00a0<\/strong><\/td>\n<td width=\"303\"><strong>Huangnan<\/strong><\/td>\n<\/tr>\n<tr>\n<td width=\"303\">Cekhog<\/td>\n<td width=\"303\">Zeku<\/td>\n<\/tr>\n<tr>\n<td width=\"303\">Czenca<\/td>\n<td width=\"303\">Jianza<\/td>\n<\/tr>\n<tr>\n<td width=\"303\">MOA Julgan \/ Sogpo<\/td>\n<td width=\"303\">Henan<\/td>\n<\/tr>\n<tr>\n<td width=\"303\">Rebgong<\/td>\n<td width=\"303\">Tongren<\/td>\n<\/tr>\n<\/tbody>\n<\/table>\n<table border=\"0\" width=\"614\" cellspacing=\"0\" cellpadding=\"2\">\n<colgroup>\n<col width=\"303\" \/>\n<col width=\"303\" \/> <\/colgroup>\n<tbody>\n<tr>\n<td width=\"303\"><strong>Prefektura Coszar\u00a0<\/strong><\/td>\n<td width=\"303\"><strong>Haidong<\/strong><\/td>\n<\/tr>\n<tr>\n<td width=\"303\">Bajan OA Hui<\/td>\n<td width=\"303\">Hualong<\/td>\n<\/tr>\n<tr>\n<td width=\"303\">Congkhakhar<\/td>\n<td width=\"303\">Pingan<\/td>\n<\/tr>\n<tr>\n<td width=\"303\">Drocang<\/td>\n<td width=\"303\">Ledu<\/td>\n<\/tr>\n<tr>\n<td width=\"303\">Gonlung OA Tu<\/td>\n<td width=\"303\">Huzhu<\/td>\n<\/tr>\n<tr>\n<td width=\"303\">Jadzi \/ Do\u0142i OA Salar<\/td>\n<td width=\"303\">Xunhua<\/td>\n<\/tr>\n<tr>\n<td width=\"303\">Kamalog OA Hui<\/td>\n<td width=\"303\">Minhe<\/td>\n<\/tr>\n<tr>\n<td width=\"303\">Kumbum<\/td>\n<td width=\"303\">Huangzhong<\/td>\n<\/tr>\n<tr>\n<td width=\"303\">Tongkor<\/td>\n<td width=\"303\">Huangyuan<\/td>\n<\/tr>\n<\/tbody>\n<\/table>\n<table border=\"0\" width=\"614\" cellspacing=\"0\" cellpadding=\"2\">\n<colgroup>\n<col width=\"303\" \/>\n<col width=\"303\" \/> <\/colgroup>\n<tbody>\n<tr>\n<td width=\"303\"><strong>TPA Codziang\u00a0<\/strong><\/td>\n<td width=\"303\"><strong>Haibei<\/strong><\/td>\n<\/tr>\n<tr>\n<td width=\"303\">Czilen \/ Dola<\/td>\n<td width=\"303\">Qilian<\/td>\n<\/tr>\n<tr>\n<td width=\"303\">Hijon \/ Daszi<\/td>\n<td width=\"303\">Haiyan<\/td>\n<\/tr>\n<tr>\n<td width=\"303\">Kangca<\/td>\n<td width=\"303\">Gangca<\/td>\n<\/tr>\n<\/tbody>\n<\/table>\n<table border=\"0\" width=\"614\" cellspacing=\"0\" cellpadding=\"2\">\n<colgroup>\n<col width=\"303\" \/>\n<col width=\"303\" \/> <\/colgroup>\n<tbody>\n<tr>\n<td width=\"303\"><strong>TPA Colho\u00a0<\/strong><\/td>\n<td width=\"303\"><strong>Hainan<\/strong><\/td>\n<\/tr>\n<tr>\n<td width=\"303\">Cigorthang \/ \u017binghe<\/td>\n<td width=\"303\">Xinghai<\/td>\n<\/tr>\n<tr>\n<td width=\"303\">Czabcza<\/td>\n<td width=\"303\">Gonghe<\/td>\n<\/tr>\n<tr>\n<td width=\"303\">Gepasumdo \/ Thunte<\/td>\n<td width=\"303\">Tongde<\/td>\n<\/tr>\n<tr>\n<td width=\"303\">Mangra \/ Konan<\/td>\n<td width=\"303\">Guinan<\/td>\n<\/tr>\n<tr>\n<td width=\"303\">Trika<\/td>\n<td width=\"303\">Guide<\/td>\n<\/tr>\n<\/tbody>\n<\/table>\n<table border=\"0\" width=\"614\" cellspacing=\"0\" cellpadding=\"2\">\n<colgroup>\n<col width=\"303\" \/>\n<col width=\"303\" \/> <\/colgroup>\n<tbody>\n<tr>\n<td width=\"303\"><strong>T-MPA Conub\u00a0<\/strong><\/td>\n<td width=\"303\"><strong>Haixi<\/strong><\/td>\n<\/tr>\n<tr>\n<td width=\"303\">\u0141ulan<\/td>\n<td width=\"303\">Wulan<\/td>\n<\/tr>\n<tr>\n<td width=\"303\">Miasto Nagormo (Golmud)<\/td>\n<td width=\"303\">Ge&#8217;ermu<\/td>\n<\/tr>\n<tr>\n<td width=\"303\">Miasto Terlenkha<\/td>\n<td width=\"303\">Delingha<\/td>\n<\/tr>\n<tr>\n<td width=\"303\">Themczen<\/td>\n<td width=\"303\">Tianjun<\/td>\n<\/tr>\n<tr>\n<td width=\"303\">Tulan<\/td>\n<td width=\"303\">Dulan<\/td>\n<\/tr>\n<\/tbody>\n<\/table>\n<table border=\"0\" width=\"614\" cellspacing=\"0\" cellpadding=\"2\">\n<colgroup>\n<col width=\"303\" \/>\n<col width=\"303\" \/> <\/colgroup>\n<tbody>\n<tr>\n<td width=\"303\"><strong>Prefektura miasto Siling<br \/>\n<\/strong><\/td>\n<td width=\"303\"><strong>Xining Shi<\/strong><\/td>\n<\/tr>\n<tr>\n<td width=\"303\">Serkhog OA Hui-Tu<\/td>\n<td width=\"303\">Datong<\/td>\n<\/tr>\n<tr>\n<td width=\"303\">Siling<\/td>\n<td width=\"303\">Xining<\/td>\n<\/tr>\n<\/tbody>\n<\/table>\n<table border=\"0\" width=\"614\" cellspacing=\"0\" cellpadding=\"2\">\n<colgroup>\n<col width=\"303\" \/>\n<col width=\"303\" \/> <\/colgroup>\n<tbody>\n<tr>\n<td width=\"303\"><strong>TPA Juszu\u00a0<\/strong><\/td>\n<td width=\"303\"><strong>Yushu<\/strong><\/td>\n<\/tr>\n<tr>\n<td width=\"303\">Czumarleb<\/td>\n<td width=\"303\">Qumalai<\/td>\n<\/tr>\n<tr>\n<td width=\"303\">Drito<\/td>\n<td width=\"303\">Zhiduo<\/td>\n<\/tr>\n<tr>\n<td width=\"303\">Kjegudo \/ Dziekundo<\/td>\n<td width=\"303\">Yushu \/ Jiegu<\/td>\n<\/tr>\n<tr>\n<td width=\"303\">Nangczen<\/td>\n<td width=\"303\">Nangqian<\/td>\n<\/tr>\n<tr>\n<td width=\"303\">Tridu<\/td>\n<td width=\"303\">Chengduo<\/td>\n<\/tr>\n<tr>\n<td width=\"303\">Zato<\/td>\n<td width=\"303\">Zaduo<\/td>\n<\/tr>\n<\/tbody>\n<\/table>\n<p>Opr\u00f3cz tych okr\u0119g\u00f3w rocznik statystyczny prowincji Qinghai (2000) wymienia tak\u017ce osiem administracyjnych komitet\u00f3w (chi\u0144. <em>xing zhen wei yuan hui): jeden w TPA Malho \/ Huangnan (Lijiaxia); dwa w TPA Colho \/ Hai<\/em>nan TAP (Longyangxia); oraz sze\u0107 w Conub \/ Haixi (Dachaidan, Lenghu, Mangya, Hanhai, Chaerhan oraz Kunlun).<\/p>\n<p><strong>Prowincja Gansu<\/strong><\/p>\n<table border=\"0\" width=\"614\" cellspacing=\"0\" cellpadding=\"2\">\n<colgroup>\n<col width=\"303\" \/>\n<col width=\"303\" \/> <\/colgroup>\n<tbody>\n<tr>\n<td width=\"303\"><strong>TPA Kanlho\u00a0<\/strong><\/td>\n<td width=\"303\"><strong>Gannan<\/strong><\/td>\n<\/tr>\n<tr>\n<td width=\"303\">Coe<\/td>\n<td width=\"303\">Hezuo<\/td>\n<\/tr>\n<tr>\n<td width=\"303\">Czone<\/td>\n<td width=\"303\">Zhuoni<\/td>\n<\/tr>\n<tr>\n<td width=\"303\">Drugczu<\/td>\n<td width=\"303\">Zhouqu<\/td>\n<\/tr>\n<tr>\n<td width=\"303\">Lintan<\/td>\n<td width=\"303\">Lintan<\/td>\n<\/tr>\n<tr>\n<td width=\"303\">Luczu<\/td>\n<td width=\"303\">Luqu<\/td>\n<\/tr>\n<tr>\n<td width=\"303\">Maczu<\/td>\n<td width=\"303\">Maqu<\/td>\n<\/tr>\n<tr>\n<td width=\"303\">Sangczu \/ Labrang<\/td>\n<td width=\"303\">Xiahe<\/td>\n<\/tr>\n<tr>\n<td width=\"303\">The\u0142o<\/td>\n<td width=\"303\">Diebu<\/td>\n<\/tr>\n<\/tbody>\n<\/table>\n<table border=\"0\" width=\"614\" cellspacing=\"0\" cellpadding=\"2\">\n<colgroup>\n<col width=\"303\" \/>\n<col width=\"303\" \/> <\/colgroup>\n<tbody>\n<tr>\n<td width=\"303\"><strong>Prefektura Wuwei\u00a0<\/strong><\/td>\n<td width=\"303\"><strong>Wuwei<\/strong><\/td>\n<\/tr>\n<tr>\n<td width=\"303\">TOA Pari<\/td>\n<td width=\"303\">Tianzhu<\/td>\n<\/tr>\n<\/tbody>\n<\/table>\n<p><strong>Prowincja Sichuan<\/strong><\/p>\n<table border=\"0\" width=\"614\" cellspacing=\"0\" cellpadding=\"2\">\n<colgroup>\n<col width=\"303\" \/>\n<col width=\"303\" \/> <\/colgroup>\n<tbody>\n<tr>\n<td width=\"303\"><strong>TPA Kardze\u00a0<\/strong><\/td>\n<td width=\"303\"><strong>Ganzi<\/strong><\/td>\n<\/tr>\n<tr>\n<td width=\"303\">Bathang<\/td>\n<td width=\"303\">Batang<\/td>\n<\/tr>\n<tr>\n<td width=\"303\">Czagzam<\/td>\n<td width=\"303\">Luding<\/td>\n<\/tr>\n<tr>\n<td width=\"303\">Czatreng<\/td>\n<td width=\"303\">Xiangcheng<\/td>\n<\/tr>\n<tr>\n<td width=\"303\">Dabpa<\/td>\n<td width=\"303\">Daocheng<\/td>\n<\/tr>\n<tr>\n<td width=\"303\">Da\u0142u<\/td>\n<td width=\"303\">Daofu<\/td>\n<\/tr>\n<tr>\n<td width=\"303\">Darcedo<\/td>\n<td width=\"303\">Kangding<\/td>\n<\/tr>\n<tr>\n<td width=\"303\">Dege<\/td>\n<td width=\"303\">Dege<\/td>\n<\/tr>\n<tr>\n<td width=\"303\">Derong<\/td>\n<td width=\"303\">Derong<\/td>\n<\/tr>\n<tr>\n<td width=\"303\">Draggo<\/td>\n<td width=\"303\">Luhuo<\/td>\n<\/tr>\n<tr>\n<td width=\"303\">Gjezur \/ Gjazil<\/td>\n<td width=\"303\">Jiulong<\/td>\n<\/tr>\n<tr>\n<td width=\"303\">Kardze<\/td>\n<td width=\"303\">Ganzi<\/td>\n<\/tr>\n<tr>\n<td width=\"303\">Lithang<\/td>\n<td width=\"303\">Litang<\/td>\n<\/tr>\n<tr>\n<td width=\"303\">Njagczu<\/td>\n<td width=\"303\">Yajiang<\/td>\n<\/tr>\n<tr>\n<td width=\"303\">Njarong<\/td>\n<td width=\"303\">Xinlong<\/td>\n<\/tr>\n<tr>\n<td width=\"303\">Paljul<\/td>\n<td width=\"303\">Baiyu<\/td>\n<\/tr>\n<tr>\n<td width=\"303\">Serszul<\/td>\n<td width=\"303\">Shiqu<\/td>\n<\/tr>\n<tr>\n<td width=\"303\">Serthar<\/td>\n<td width=\"303\">Seda<\/td>\n<\/tr>\n<tr>\n<td width=\"303\">Tenpa \/ Rongtrag<\/td>\n<td width=\"303\">Danba<\/td>\n<\/tr>\n<\/tbody>\n<\/table>\n<table border=\"0\" width=\"614\" cellspacing=\"0\" cellpadding=\"2\">\n<colgroup>\n<col width=\"303\" \/>\n<col width=\"303\" \/> <\/colgroup>\n<tbody>\n<tr>\n<td width=\"303\"><strong>YPA Liangshan\u00a0<\/strong><\/td>\n<td width=\"303\"><strong>Liangshan<\/strong><\/td>\n<\/tr>\n<tr>\n<td width=\"303\">TOA Mili<\/td>\n<td width=\"303\">Muli<\/td>\n<\/tr>\n<\/tbody>\n<\/table>\n<table border=\"0\" width=\"614\" cellspacing=\"0\" cellpadding=\"2\">\n<colgroup>\n<col width=\"303\" \/>\n<col width=\"303\" \/> <\/colgroup>\n<tbody>\n<tr>\n<td width=\"303\"><strong>T-QPA Ngaba\u00a0<\/strong><\/td>\n<td width=\"303\"><strong>Aba<\/strong><\/td>\n<\/tr>\n<tr>\n<td width=\"303\">Barkham<\/td>\n<td width=\"303\">Maerkang<\/td>\n<\/tr>\n<tr>\n<td width=\"303\">Cenlha<\/td>\n<td width=\"303\">Xiaojin<\/td>\n<\/tr>\n<tr>\n<td width=\"303\">Czuczen<\/td>\n<td width=\"303\">Jinchuan<\/td>\n<\/tr>\n<tr>\n<td width=\"303\">Dzamthang<\/td>\n<td width=\"303\">Rangtang<\/td>\n<\/tr>\n<tr>\n<td width=\"303\">Dzoge<\/td>\n<td width=\"303\">Ruoergai<\/td>\n<\/tr>\n<tr>\n<td width=\"303\">Hungjon \/ Kakhog<\/td>\n<td width=\"303\">Hongyuan<\/td>\n<\/tr>\n<tr>\n<td width=\"303\">Li \/ Tasziling<\/td>\n<td width=\"303\">Lixian<\/td>\n<\/tr>\n<tr>\n<td width=\"303\">Lunggu<\/td>\n<td width=\"303\">Wenchuan<\/td>\n<\/tr>\n<tr>\n<td width=\"303\">Mao\u0142un<\/td>\n<td width=\"303\">Maoxian<\/td>\n<\/tr>\n<tr>\n<td width=\"303\">Namphing \/ Namphel<\/td>\n<td width=\"303\">Nanping<\/td>\n<\/tr>\n<tr>\n<td width=\"303\">Ngaba<\/td>\n<td width=\"303\">Aba<\/td>\n<\/tr>\n<tr>\n<td width=\"303\">Troczu<\/td>\n<td width=\"303\">Heishui<\/td>\n<\/tr>\n<tr>\n<td width=\"303\">Zungczu<\/td>\n<td width=\"303\">Songpan<\/td>\n<\/tr>\n<\/tbody>\n<\/table>\n<\/div>\n","protected":false},"excerpt":{"rendered":"<p>Tybeta\u0144skie prefektury i okr\u0119gi administracyjne w ChRL Lista wszystkich tybeta\u0144skich okr\u0119g\u00f3w autonomicznych lub, w przypadku wschodniej cz\u0119\u015bci Qinghai, posiadaj\u0105cych du\u017ce spo\u0142eczno\u015bci tybeta\u0144skie. Pierwsza nazwa jest nazw\u0105 tybeta\u0144sk\u0105, druga chi\u0144sk\u0105 w transkrypcji pinyin. TPA Tybeta\u0144ska Prefektura Autonomiczna T-MPA Tybeta\u0144sko-Mongolska Prefektura Autonomiczna T-QPA Tybeta\u0144sko-Qiangowska Prefektura Autonomiczna YPA Yi\u0144ska Prefektura Autonomiczna OA Okr\u0119g Autonomiczny TOA Tybeta\u0144ski Okr\u0119g Autonomiczny [&hellip;]<\/p>\n","protected":false},"author":1,"featured_media":0,"parent":0,"menu_order":0,"comment_status":"closed","ping_status":"open","template":"","meta":{"footnotes":""},"class_list":["post-147","page","type-page","status-publish","hentry"],"_links":{"self":[{"href":"https:\/\/tybet.hfhr.org.pl\/index.php?rest_route=\/wp\/v2\/pages\/147","targetHints":{"allow":["GET"]}}],"collection":[{"href":"https:\/\/tybet.hfhr.org.pl\/index.php?rest_route=\/wp\/v2\/pages"}],"about":[{"href":"https:\/\/tybet.hfhr.org.pl\/index.php?rest_route=\/wp\/v2\/types\/page"}],"author":[{"embeddable":true,"href":"https:\/\/tybet.hfhr.org.pl\/index.php?rest_route=\/wp\/v2\/users\/1"}],"replies":[{"embeddable":true,"href":"https:\/\/tybet.hfhr.org.pl\/index.php?rest_route=%2Fwp%2Fv2%2Fcomments&post=147"}],"version-history":[{"count":14,"href":"https:\/\/tybet.hfhr.org.pl\/index.php?rest_route=\/wp\/v2\/pages\/147\/revisions"}],"predecessor-version":[{"id":16504,"href":"https:\/\/tybet.hfhr.org.pl\/index.php?rest_route=\/wp\/v2\/pages\/147\/revisions\/16504"}],"wp:attachment":[{"href":"https:\/\/tybet.hfhr.org.pl\/index.php?rest_route=%2Fwp%2Fv2%2Fmedia&parent=147"}],"curies":[{"name":"wp","href":"https:\/\/api.w.org\/{rel}","templated":true}]}}