{"id":150,"date":"2014-11-20T20:18:09","date_gmt":"2014-11-20T19:18:09","guid":{"rendered":"http:\/\/www.hfhrpol.waw.pl\/tybet\/?page_id=150"},"modified":"2024-02-08T07:51:11","modified_gmt":"2024-02-08T06:51:11","slug":"linki","status":"publish","type":"page","link":"https:\/\/tybet.hfhr.org.pl\/?page_id=150","title":{"rendered":"Linki"},"content":{"rendered":"<p><strong>TYBET<\/strong><\/p>\n<p>J. \u015a. Dalajlama, strona oficjalna <a href=\"http:\/\/www.dalailama.com\/\">http:\/\/www.dalailama.com<\/a><\/p>\n<p>Dalai Lama Trust <a href=\"https:\/\/dalailamatrust.org\/home\/\" target=\"_blank\" rel=\"noopener noreferrer\">https:\/\/dalailamatrust.org\/home\/<\/a><\/p>\n<p>J. \u015a. Dalajlama, Twitter <a href=\"http:\/\/twitter.com\/DalaiLama\">http:\/\/twitter.com\/DalaiLama<\/a><\/p>\n<p>Centralna Administracja Tybeta\u0144ska, strona oficjalna <a href=\"http:\/\/www.tibet.net\/\">http:\/\/www.tibet.net<\/a><\/p>\n<p>Tybeta\u0144ski rz\u0105d emigracyjny, Londyn <a href=\"http:\/\/www.tibet.com\/\">http:\/\/www.tibet.com<\/a><\/p>\n<p>Biuro Informacji i Stosunk\u00f3w Zagranicznych\u00a0<a href=\"http:\/\/www.tibet.net\/en\/diir\/\">http:\/\/www.tibet.net\/en\/diir<\/a><\/p>\n<p>Jego \u015awi\u0105tobliwo\u015b\u0107 Dalajlama <a href=\"http:\/\/www.dalailama.com\/\">http:\/\/www.dalailama.com<\/a><\/p>\n<p>Tybeta\u0144ski rz\u0105d emigracyjny (po chi\u0144sku) <a href=\"http:\/\/www.xizang-zhiye.org\/\">http:\/\/www.xizang-zhiye.org<\/a><\/p>\n<p>Middle Way Approach <a href=\"http:\/\/mwa.tibet.net\/\">www.middlewayapproach.org<\/a><\/p>\n<p>Tibetan Who&#8217;s Who <a href=\"https:\/\/tibetanwhoswho.wordpress.com\" target=\"_blank\" rel=\"noopener noreferrer\">https:\/\/tibetanwhoswho.wordpress.com<\/a><\/p>\n<p>Oficjalna strona J. \u015a. Karmapy <a href=\"http:\/\/www.kagyuoffice.org\/\">http:\/\/www.kagyuoffice.org<\/a><\/p>\n<p>Directory of websites on Tibet <a href=\"http:\/\/www.tibetsites.com\/\">http:\/\/www.tibetsites.com<\/a><\/p>\n<p>Tibetan and Himalayan Digital Library <a href=\"http:\/\/www.thdl.org\/\">http:\/\/www.thdl.org<\/a><\/p>\n<p>Tibetan Youth Congress <a href=\"http:\/\/tibetanyouthcongress.org\/\">http:\/\/tibetanyouthcongress.org<\/a><\/p>\n<p>Tibetan Women\u2019s Association <a href=\"http:\/\/www.tibetanwomen.org\/\">http:\/\/www.tibetanwomen.org<\/a><\/p>\n<p>Tibetan Centre for Human Rights and Democracy <a href=\"http:\/\/www.tchrd.org\/\">http:\/\/www.tchrd.org<\/a><\/p>\n<p>Gu Chu Sum <a href=\"http:\/\/www.guchusum.org\/\">http:\/\/www.guchusum.org<\/a><\/p>\n<p>Turquoise Roof Briefings on Tibet <a href=\"https:\/\/turquoiseroof.org\/\" target=\"_blank\" rel=\"noopener noreferrer\">https:\/\/turquoiseroof.org<\/a><\/p>\n<p>Tibetan Children&#8217;s Village <a href=\"http:\/\/www.tibchild.org\/\">http:\/\/www.tibchild.org<\/a><\/p>\n<p>Tibetan Institute of Performing Arts <a href=\"http:\/\/www.tibetanarts.org\/\">http:\/\/www.tibetanarts.org<\/a><\/p>\n<p>The Library of Tibetan Works and Archives <a href=\"http:\/\/www.tibet.com\/ltwa.html\">http:\/\/www.tibet.com\/ltwa.html<\/a><\/p>\n<p>The Center for Research on Tibet <a href=\"https:\/\/case.edu\/affil\/tibet\/tibetanSociety\/social.htm\" target=\"_blank\" rel=\"noopener noreferrer\">https:\/\/case.edu\/affil\/tibet\/tibetanSociety\/social.htm<\/a><\/p>\n<p>High Peaks Peaks Pure Earth <a href=\"http:\/\/www.highpeakspureearth.com\" target=\"_blank\" rel=\"noopener noreferrer\">http:\/\/www.highpeakspureearth.com<\/a><\/p>\n<p>Tibetan Classical and Colloquial Translation Dictionary <a href=\"https:\/\/bum-pa-mi-rtag-pa.site\/dictionary\/\" target=\"_blank\" rel=\"noopener noreferrer\">https:\/\/bum-pa-mi-rtag-pa.site\/dictionary\/<\/a><\/p>\n<p>Merabsarpa\u00a0Journal <a href=\"http:\/\/www.merabsarpa.com\" target=\"_blank\" rel=\"noopener noreferrer\">http:\/\/www.merabsarpa.com <\/a><\/p>\n<p>Tibet Writers <a href=\"http:\/\/www.tibetwrites.org\" target=\"_blank\" rel=\"noopener noreferrer\">http:\/\/www.tibetwrites.org<\/a><\/p>\n<p>Stowarzyszenie Studenci dla Wolnego Tybetu <a href=\"http:\/\/www.sft.org.pl\">http:\/\/www.sft.org.pl<\/a><\/p>\n<p>Tibetan UN Advocacy <a href=\"http:\/\/www.tibetatun.org\">http:\/\/www.tibetatun.org<\/a><\/p>\n<p>The Tibet Post <a href=\"http:\/\/www.tibetpost.net\/\">http:\/\/www.tibetpost.net<\/a><\/p>\n<p>Tibetan Review <a href=\"http:\/\/www.tibetanreview.net\/\">http:\/\/www.tibetanreview.net<\/a><\/p>\n<p>Tibetan Political Review <a href=\"http:\/\/www.tibetanpoliticalreview.org\">http:\/\/www.tibetanpoliticalreview.org<\/a><\/p>\n<p>Tibetan Feminist Collective <a href=\"http:\/\/www.tibetanfeministcollective.org\" target=\"_blank\" rel=\"noopener noreferrer\">http:\/\/www.tibetanfeministcollective.org <\/a><\/p>\n<p>Kasur Lodi Gyari Gyaltsen <a href=\"http:\/\/www.lodigyari.com\">http:\/\/www.lodigyari.com<\/a><\/p>\n<p>Katalog organizacji zajmuj\u0105cych si\u0119 Tybetem <a href=\"http:\/\/www.tibet.org\/\">http:\/\/www.tibet.org<\/a><\/p>\n<p>Canada Tibet Committee <a href=\"http:\/\/www.tibet.ca\/\">http:\/\/www.tibet.ca<\/a><\/p>\n<p>Free Tibet <a href=\"http:\/\/www.freetibet.org\/\">http:\/\/www.freetibet.org<\/a><\/p>\n<p>International Campaign for Tibet <a href=\"http:\/\/www.savetibet.org\/\">http:\/\/www.savetibet.org<\/a><\/p>\n<p>Tibet Justice Center: <a href=\"http:\/\/www.tibetjustice.org\/\">http:\/\/www.tibetjustice.org<\/a><\/p>\n<p>Tibet Justice Center: <a href=\"http:\/\/www.tibetjustice.org\/\">http:\/\/www.tibetjustice.org<\/a><\/p>\n<p>Tibet Encyclopaedia (.de) <a href=\"http:\/\/www.tibet-encyclopaedia.de\/index.html\">http:\/\/www.tibet-encyclopaedia.de\/index.html<\/a><\/p>\n<p>Himalayan Art Resources (thangki, pos\u0105gi) <a href=\"http:\/\/www.himalayanart.org\/\">http:\/\/www.himalayanart.org<\/a><\/p>\n<p>Galeria sztuki wsp\u00f3\u0142czesnej <a href=\"http:\/\/www.mechakgallery.com\/\">http:\/\/www.mechakgallery.com<\/a><\/p>\n<p>Biographical Encyclopedia of Himalayas <a href=\"http:\/\/www.treasuryoflives.org\">http:\/\/www.treasuryoflives.org<\/a><\/p>\n<p>Milarepa Fund <a href=\"http:\/\/www.milarepa.org\/\">http:\/\/www.milarepa.org<\/a><\/p>\n<p>Students for a Free Tibet <a href=\"http:\/\/www.studentsforafreetibet.org\/\">http:\/\/www.studentsforafreetibet.org<\/a><\/p>\n<p>Norbulingka Institute <a href=\"http:\/\/www.norbulingka.org\/\">http:\/\/www.norbulingka.org<\/a><\/p>\n<p>Tibet House <a href=\"http:\/\/www.tibethouse.org\/\">http:\/\/www.tibethouse.org<\/a><\/p>\n<p>Lhakar <a href=\"http:\/\/lhakar.org\/\">http:\/\/lhakar.org<\/a><\/p>\n<p>Tibetan Oral History Archive Project <a href=\"http:\/\/tibetoralhistoryarchive.org\/\">http:\/\/tibetoralhistoryarchive.org<\/a><\/p>\n<p>Tibetan Stories <a href=\"http:\/\/www.tibetanstories.org\/\">http:\/\/tibetanstories.org<\/a><\/p>\n<p>War on Tibet Historical Documents <a href=\"http:\/\/historicaldocs.blogspot.com\" target=\"_blank\" rel=\"noopener noreferrer\">http:\/\/historicaldocs.blogspot.com<\/a><\/p>\n<p>Tibet Environmental Watch <a href=\"http:\/\/www.tew.org\/\">http:\/\/www.tew.org<\/a><\/p>\n<p>Tibet Link <a href=\"http:\/\/www.tibetlink.com\/\">http:\/\/www.tibetlink.com<\/a><\/p>\n<p>World Bridges <a href=\"http:\/\/www.worldbridges.com\/Tibet\">http:\/\/www.worldbridges.com\/Tibet<\/a><\/p>\n<p>Tibetan Technology Center <a href=\"http:\/\/www.tibtec.org\/drup\">http:\/\/www.tibtec.org\/drup<\/a><\/p>\n<p>Przepisy kulinarne <a href=\"http:\/\/simplytibetan.com\/category\/recipes\/\">http:\/\/simplytibetan.com\/category\/recipes<\/a><\/p>\n<p>Sztuka wsp\u00f3\u0142czesna <a href=\"http:\/\/picasaweb.google.com\/leigh.sangster\">http:\/\/picasaweb.google.com\/leigh.sangster<\/a><\/p>\n<p>Dube (najpopularniejszy pie\u015bniarz) <a href=\"http:\/\/dhube.net\/\" target=\"_blank\" rel=\"noopener noreferrer\">http:\/\/dhube.net<\/a><\/p>\n<p>Muzyka tybeta\u0144ska <a href=\"http:\/\/www.hl88.com\/hualong\/web\/tibetmusic.htm\">http:\/\/www.hl88.com\/hualong\/web\/tibetmusic.htm<\/a><\/p>\n<p><strong>PRAWA CZ\u0141OWIEKA<\/strong><\/p>\n<p>Helsi\u0144ska Fundacja Praw Cz\u0142owieka\u00a0<a href=\"http:\/\/www.hfhr.pl\/\">http:\/\/www.hfhr.pl<\/a><\/p>\n<p>Human Rights in China <a href=\"http:\/\/www.hrichina.org\/\">http:\/\/www.hrichina.org<\/a><\/p>\n<p>Human Rights Watch <a href=\"http:\/\/www.hrw.org\/\">http:\/\/www.hrw.org<\/a><\/p>\n<p>Fundacja Dui Hua <a href=\"http:\/\/www.duihua.org\/\">http:\/\/www.duihua.org<\/a><\/p>\n<p>Amnesty International <a href=\"http:\/\/www.amnesty.org\/\">http:\/\/www.amnesty.org<\/a><\/p>\n<p>Human Rights House Network <a href=\"http:\/\/www.humanrightshouse.org\/\">http:\/\/www.humanrightshouse.org<\/a><\/p>\n<p>Human Rights Internet <a href=\"http:\/\/www.hri.ca\/\">http:\/\/www.hri.ca<\/a><\/p>\n<p>Index on Censorship <a href=\"http:\/\/www.indexoncensorship.org\/\">http:\/\/www.indexoncensorship.org<\/a><\/p>\n<p>Reporters sans Frontieres <a href=\"http:\/\/www.rsf.fr\/\">http:\/\/www.rsf.fr<\/a><\/p>\n<p>The Laogai Research Foundation <a href=\"http:\/\/www.laogai.org\/\">http:\/\/www.laogai.org<\/a><\/p>\n<p>IRCT (rehabilitacja ofiar tortur) <a href=\"http:\/\/www.irct.org\/\">http:\/\/www.irct.org<\/a><\/p>\n<p>Wysoki Komisarz ONZ ds. Praw Cz\u0142owieka <a href=\"http:\/\/www.ohchr.org\/\">http:\/\/www.ohchr.org<\/a><\/p>\n<p>Rada Praw Cz\u0142owieka ONZ<\/p>\n<p><a href=\"http:\/\/www.un.org\/apps\/news\/infocusRel.asp?infocusID=114&amp;Body=human%20rights%20council&amp;Body1=\">http:\/\/www.un.org\/apps\/news\/infocusRel.asp?infocusID=114&amp;Body=human%20rights%20council&amp;Body1=<\/a><\/p>\n<p><strong>POMOC, ROZW\u00d3J, AKCJE CHARYTATYWNE<\/strong><\/p>\n<p>Tibetan Chamber of Commerce <a href=\"http:\/\/www.tibetancc.org\/\">http:\/\/www.tibetancc.org<\/a><\/p>\n<p>Wolontariat <a href=\"http:\/\/www.volunteertibet.org\/\">http:\/\/www.volunteertibet.org<\/a><\/p>\n<p>Tibet Poverty Alleviation Fund <a href=\"http:\/\/www.tpaf.org\/\">http:\/\/www.tpaf.org<\/a><\/p>\n<p>Rozw\u00f3j tybeta\u0144skiego rzemios\u0142a <a href=\"http:\/\/www.tibetcraft.com\/\">http:\/\/www.tibetcraft.com<\/a><\/p>\n<p>Association for International Solidarity in ASIA <a href=\"http:\/\/www.asia-onlus.org\/who%20is%20Asia.htm\">http:\/\/www.asia-onlus.org\/who%20is%20Asia.htm<\/a><\/p>\n<p>Future Generations <a href=\"http:\/\/www.future.org\/\">http:\/\/www.future.org<\/a><\/p>\n<p>Rokpa Trust <a href=\"http:\/\/www.rokpa.org\/\">http:\/\/www.rokpa.org<\/a><\/p>\n<p>Tibet Foundation (UK) <a href=\"http:\/\/www.tibet-foundation.org\/\">http:\/\/www.tibet-foundation.org<\/a><\/p>\n<p>Tibetan Plateau Project <a href=\"http:\/\/www.earthisland.org\/tpp\">http:\/\/www.earthisland.org\/tpp<\/a><\/p>\n<p>Tibet Heritage Fund <a href=\"http:\/\/www.asianart.com\/lhasa_restoration\">http:\/\/www.asianart.com\/lhasa_restoration<\/a><\/p>\n<p>Tibetan Nuns Project <a href=\"http:\/\/www.angelfire.com\/nt\/tnp\">http:\/\/www.angelfire.com\/nt\/tnp<\/a><\/p>\n<p>Trace Foundation <a href=\"http:\/\/www.trace.org\" target=\"_blank\" rel=\"noopener noreferrer\">http:\/\/www.trace.org<\/a><\/p>\n<p>Tibeter Familien Hilfe <a href=\"http:\/\/www.tfhdavos.ch\/index.de.php\">http:\/\/www.tfhdavos.ch\/index.de.php<\/a><\/p>\n<p>Jinpa Project <a href=\"http:\/\/www.jinpa.org\/\">http:\/\/www.jinpa.org<\/a><\/p>\n<p><strong>MEDIA<\/strong><\/p>\n<p>Tibet Online TV, Dharamsala <a href=\"http:\/\/www.tibetonline.tv\/\">http:\/\/www.tibetonline.tv<\/a><\/p>\n<p>Canada Tibet Committee <a href=\"http:\/\/www.tibet.ca\/\">http:\/\/www.tibet.ca<\/a><\/p>\n<p>Tibetan Bulletin\u00a0<a href=\"http:\/\/www.tibet.net\/en\/tibbul\/index.html\">http:\/\/www.tibet.net\/en\/tibbul\/index.html<\/a><\/p>\n<p>Tibet Times \/ Bod-Kyi-Dus-Bab\u00a0<a href=\"http:\/\/www.tibettimes.net\/index.html\">http:\/\/www.tibettimes.net\/index.html<\/a><\/p>\n<p>China News Digest <a href=\"http:\/\/www.cnd.org\/\">http:\/\/www.cnd.org<\/a><\/p>\n<p>Gazeta Wyborcza: Chiny <a href=\"http:\/\/www1.gazeta.pl\/swiat\/0,34199.html\">http:\/\/wiadomosci.gazeta.pl\/wiadomosci\/0,80569.html<\/a><\/p>\n<p>O Chinach bez sportu: <a href=\"http:\/\/wyborcza.pl\/0,86680.html\">http:\/\/wyborcza.pl\/0,86680.html<\/a><\/p>\n<p>Asia Observer <a href=\"http:\/\/www.asiaobserver.com\/\">http:\/\/www.asiaobserver.com<\/a><\/p>\n<p>BBC East Asia Today <a href=\"http:\/\/news.bbc.co.uk\/2\/hi\/asia-pacific\/default.stm\">http:\/\/news.bbc.co.uk\/2\/hi\/asia-pacific\/default.stm<\/a><\/p>\n<p><a href=\"http:\/\/www.bbc.co.uk\/worldservice\/eastasiatoday\">Phayul <\/a><a href=\"http:\/\/www.phayul.com\/\">http:\/\/www.phayul.com<\/a><\/p>\n<p>Tibetan World <a href=\"http:\/\/www.tibetanworldmagazine.com\/\">http:\/\/www.tibetanworldmagazine.com<\/a><\/p>\n<p>Association of Tibetan Journalists <a href=\"http:\/\/www.tibetanjournalists.org\/\">http:\/\/www.tibetanjournalists.org<\/a><\/p>\n<p>Himal <a href=\"http:\/\/www.himalmag.com\/\">http:\/\/www.himalmag.com<\/a><\/p>\n<p>Kathmandu Post <a href=\"http:\/\/www.nepalnews.com\/ktmpost.htm\">http:\/\/www.nepalnews.com\/ktmpost.htm<\/a><\/p>\n<p>South China Morning Post <a href=\"http:\/\/www.scmp.com\/\">http:\/\/www.scmp.com<\/a><\/p>\n<p>The Times of Central Asia <a href=\"http:\/\/www.times.kg\/\">http:\/\/www.times.kg<\/a><\/p>\n<p>Radio Free Asia <a href=\"http:\/\/www.rfa.org\/\">http:\/\/www.rfa.org<\/a><\/p>\n<p>Voice of America <a href=\"http:\/\/www.voanews.com\/\">http:\/\/www.voanews.com<\/a><\/p>\n<p>Voice of Tibet <a href=\"http:\/\/www.vot.org\/\">http:\/\/www.vot.org<\/a><\/p>\n<p>East Turkistan Information Center: <a href=\"http:\/\/www.uygur.org\/\">http:\/\/www.uygur.org<\/a><\/p>\n<p>People\u2019s Daily <a href=\"http:\/\/www.snweb.com\/\">http:\/\/www.snweb.com<\/a><\/p>\n<p>China Daily <a href=\"http:\/\/www.chinadaily.net\/\">http:\/\/www.chinadaily.net<\/a><\/p>\n<p>China Today <a href=\"http:\/\/www.chinatoday.com\/\">http:\/\/www.chinatoday.com<\/a><\/p>\n<p>ChinaLand (wyb\u00f3r periodyk\u00f3w) <a href=\"http:\/\/www.chinaland.com\/\">http:\/\/www.chinaland.com<\/a><\/p>\n<p>People&#8217;s Daily on-line: <a href=\"http:\/\/english.peopledaily.com.cn\/\">http:\/\/english.peopledaily.com.cn<\/a><\/p>\n<p>Xinhua News Service <a href=\"http:\/\/www.xinhua.org\/english\/index.htm\">http:\/\/www.xinhua.org\/english\/index.htm<\/a><\/p>\n<p><strong>FILMY ZDJ\u0118CIA<\/strong><\/p>\n<p>The Tibet Album <a href=\"http:\/\/tibet.prm.ox.ac.uk\/\">http:\/\/tibet.prm.ox.ac.uk<\/a><\/p>\n<p>Demton Khang, The Tibet Museum <a href=\"http:\/\/www.thetibetmuseum.org\/\">http:\/\/www.thetibetmuseum.org<\/a><\/p>\n<p>Phorpa (Puchar) <a href=\"http:\/\/www.siddharthasintent.org\/Pubs\/Phorpa.htm\">http:\/\/www.siddharthasintent.org\/Pubs\/Phorpa.htm<\/a><\/p>\n<p>Korubo <a href=\"http:\/\/www.korubo.com\/TIBETDOC\/tibet.htm\">http:\/\/www.korubo.com\/TIBETDOC\/tibet.htm<\/a><\/p>\n<p>Garthwait &amp; Griffin Films <a href=\"http:\/\/www.ggfilms.com\/\">http:\/\/www.ggfilms.com<\/a><\/p>\n<p>Heinrich Harrer <a href=\"http:\/\/www.harrerportfolio.com\/\">http:\/\/www.harrerportfolio.com<\/a><\/p>\n<p>Himalaya <a href=\"http:\/\/www.bacfilms.com\/site\/himalaya\/\">http:\/\/www.bacfilms.com\/site\/himalaya<\/a><\/p>\n<p>Meridian Trust <a href=\"http:\/\/www.meridian-trust.org\/\">http:\/\/www.meridian-trust.org<\/a><\/p>\n<p>White Crane Films <a href=\"http:\/\/www.whitecranefilms.com\/\">http:\/\/www.whitecranefilms.com<\/a><\/p>\n<p>Lungta, Windhorse <a href=\"http:\/\/www.windhorsemovie.com\/\">http:\/\/www.windhorsemovie.com<\/a><\/p>\n<p>Plateau Photographers <a href=\"http:\/\/www.plateauphotographers.com\">http:\/\/www.plateauphotographers.com<\/a><\/p>\n<p><strong>KSI\u0104\u017bKI<\/strong><\/p>\n<p>Snow Lion Publications <a href=\"http:\/\/www.snowlionpub.com\/\">http:\/\/www.snowlionpub.com<\/a><\/p>\n<p>Wisdom Publications <a href=\"http:\/\/www.wisdompubs.org\/\">http:\/\/www.wisdompubs.org<\/a><\/p>\n<p>Wisdom Books (dystrybucja) <a href=\"http:\/\/www.wisdombooks.org\/\">http:\/\/www.wisdombooks.org<\/a><\/p>\n<p>Wydawnictwo \u201eA\u201d <a href=\"http:\/\/www.awyd.com.pl\/\">http:\/\/www.awyd.com.pl<\/a><\/p>\n<p>Mandala <a href=\"http:\/\/www.mandala.net.pl\/\">http:\/\/www.mandala.net.pl<\/a><\/p>\n<p><strong>PODR\u00d3\u017bE, MAPY<\/strong><\/p>\n<p>Informacja MSZ dla turyst\u00f3w <a href=\"http:\/\/www.msz.gov.pl\/Poradnik,Polak,za,granica,1806.html\">http:\/\/www.msz.gov.pl\/Poradnik,Polak,za,granica,1806.html<\/a><\/p>\n<p>Karto-Atelier (Mapy: Kaila\u015b, Nepal itd.) <a href=\"http:\/\/www.karto-atelier.com\/\">http:\/\/www.karto-atelier.com<\/a><\/p>\n<p>Kotan (mapy) <a href=\"http:\/\/www.kotan.org\/\">http:\/\/www.kotan.org<\/a><\/p>\n<p>Lonely Planet \u00abDestination Tibet\u00bb <a href=\"http:\/\/www.lonelyplanet.com\/dest\/nea\/tib.htm\">http:\/\/www.lonelyplanet.com\/dest\/nea\/tib.htm<\/a><\/p>\n<p>Nepal (informacje dla turyst\u00f3w) <a href=\"http:\/\/www.nepal-net.com\/travel.html\">http:\/\/www.nepal-net.com\/travel.html<\/a><\/p>\n<p>TEW (mapy satelitarne) <a href=\"http:\/\/www.tew.org\/geography\/\">http:\/\/www.tew.org\/geography<\/a><\/p>\n<p>The Tibet Map Institute <a href=\"http:\/\/perso.wanadoo.fr\/tibetmap\">http:\/\/perso.wanadoo.fr\/tibetmap<\/a><\/p>\n<p>Tourism Concern <a href=\"http:\/\/www.tourismconcern.org.uk\/\">http:\/\/www.tourismconcern.org.uk<\/a><\/p>\n<p>USA Today (pogoda w Lhasie) <a href=\"http:\/\/content.usatoday.com\/weather\/CityForecast.htm?txtSearchCriteria=Lhasa\">http:\/\/content.usatoday.com\/weather\/CityForecast.htm?txtSearchCriteria=Lhasa<\/a><\/p>\n<p><strong>BUDDYZM<\/strong><\/p>\n<p>Polska Unia Buddyjska <a href=\"http:\/\/www.buddyzm.eu.org\/\">http:\/\/www.buddyzm.eu.org<\/a><\/p>\n<p>Buddhist Digital Archives <a href=\"https:\/\/library.bdrc.io\/\" target=\"_blank\" rel=\"noopener noreferrer\">https:\/\/library.bdrc.io<\/a><\/p>\n<p>Study Buddhism by Berzin Archives <a href=\"https:\/\/studybuddhism.com\" target=\"_blank\" rel=\"noopener noreferrer\">https:\/\/studybuddhism.com<\/a><\/p>\n<p>The Buddhist Book Project Poland <a href=\"http:\/\/www.bbpp.eu.org\/\">http:\/\/www.bbpp.eu.org<\/a><\/p>\n<p><strong>CHINY<\/strong><\/p>\n<p>Chi\u0144ska Republika Ludowa <a href=\"http:\/\/www.china.org.cn\/\">http:\/\/www.china.org.cn<\/a><\/p>\n<p>Przyw\u00f3dcy <a href=\"http:\/\/www.chinavitae.com\/index.php\">http:\/\/www.chinavitae.com\/index.php<\/a><\/p>\n<p>W\u0142adze prowincji <a href=\"http:\/\/www.cecc.gov\/pages\/prcEgovDir\/dirEgovPRC.php\">http:\/\/www.cecc.gov\/pages\/prcEgovDir\/dirEgovPRC.php<\/a><\/p>\n<p>Bia\u0142e ksi\u0119gi rz\u0105du ChRL <a href=\"http:\/\/china.org.cn\/e-white\/index.htm\">http:\/\/china.org.cn\/e-white\/index.htm<\/a><\/p>\n<p>Prawa cz\u0142owieka (\u201erz\u0105dowe\u201d) <a href=\"http:\/\/www.chinahumanrights.org\/\">http:\/\/www.chinahumanrights.org<\/a><\/p>\n<p>China Leadership Monitor <a href=\"http:\/\/www.hoover.org\/publications\/china-leadership-monitor\/\">http:\/\/www.hoover.org\/publications\/china-leadership-monitor<\/a><\/p>\n<p>Media <a href=\"http:\/\/www.danwei.org\">http:\/\/www.danwei.org<\/a><\/p>\n<p>China Digital Times <a href=\"http:\/\/chinadigitaltimes.net\">http:\/\/chinadigitaltimes.net<\/a><\/p>\n<p>Rewolucja kulturalna <a href=\"http:\/\/www.morningsun.org\">http:\/\/www.morningsun.org<\/a><\/p>\n<p>Tiananmen, masakra w Pekinie <a href=\"http:\/\/www.pbs.org\/wgbh\/pages\/frontline\/gate\">http:\/\/www.pbs.org\/wgbh\/pages\/frontline\/gate<\/a><\/p>\n<p>Rozw\u00f3j <a href=\"http:\/\/www.chinadevelopmentbrief.com\">http:\/\/www.chinadevelopmentbrief.com<\/a><\/p>\n<p>China Education and Research Network <a href=\"http:\/\/www.net.edu.cn\/\">http:\/\/www.net.edu.cn<\/a><\/p>\n<p>Informacje j\u0119zykowe <a href=\"http:\/\/www.webcom.com\/bamboo\/chinese\">http:\/\/www.webcom.com\/bamboo\/chinese<\/a><\/p>\n<p>Caijing <a href=\"http:\/\/english.caijing.com.cn\/\">http:\/\/english.caijing.com.cn<\/a><\/p>\n<p>China Smack <a href=\"http:\/\/www.chinasmack.com\/\">http:\/\/www.chinasmack.com<\/a><\/p>\n<p>EastSouthWestNorth <a href=\"http:\/\/www.zonaeuropa.com\/weblog.htm\">http:\/\/www.zonaeuropa.com\/weblog.htm<\/a><\/p>\n<p>Papierowy tygrys <a href=\"http:\/\/konradgodlewski.com\/\">http:\/\/konradgodlewski.com<\/a><\/p>\n<p>Za Chiny Ludowe <a href=\"http:\/\/zachinyludowe.net\/\">http:\/\/zachinyludowe.net<\/a><\/p>\n<p>Katalog chi\u0144skich stron <a href=\"http:\/\/www.aweto.com\/\">http:\/\/www.aweto.com<\/a><\/p>\n","protected":false},"excerpt":{"rendered":"<p>TYBET J. \u015a. Dalajlama, strona oficjalna http:\/\/www.dalailama.com Dalai Lama Trust https:\/\/dalailamatrust.org\/home\/ J. \u015a. Dalajlama, Twitter http:\/\/twitter.com\/DalaiLama Centralna Administracja Tybeta\u0144ska, strona oficjalna http:\/\/www.tibet.net Tybeta\u0144ski rz\u0105d emigracyjny, Londyn http:\/\/www.tibet.com Biuro Informacji i Stosunk\u00f3w Zagranicznych\u00a0http:\/\/www.tibet.net\/en\/diir Jego \u015awi\u0105tobliwo\u015b\u0107 Dalajlama http:\/\/www.dalailama.com Tybeta\u0144ski rz\u0105d emigracyjny (po chi\u0144sku) http:\/\/www.xizang-zhiye.org Middle Way Approach www.middlewayapproach.org Tibetan Who&#8217;s Who https:\/\/tibetanwhoswho.wordpress.com Oficjalna strona J. \u015a. Karmapy [&hellip;]<\/p>\n","protected":false},"author":1,"featured_media":0,"parent":0,"menu_order":0,"comment_status":"closed","ping_status":"open","template":"","meta":{"footnotes":""},"class_list":["post-150","page","type-page","status-publish","hentry"],"_links":{"self":[{"href":"https:\/\/tybet.hfhr.org.pl\/index.php?rest_route=\/wp\/v2\/pages\/150","targetHints":{"allow":["GET"]}}],"collection":[{"href":"https:\/\/tybet.hfhr.org.pl\/index.php?rest_route=\/wp\/v2\/pages"}],"about":[{"href":"https:\/\/tybet.hfhr.org.pl\/index.php?rest_route=\/wp\/v2\/types\/page"}],"author":[{"embeddable":true,"href":"https:\/\/tybet.hfhr.org.pl\/index.php?rest_route=\/wp\/v2\/users\/1"}],"replies":[{"embeddable":true,"href":"https:\/\/tybet.hfhr.org.pl\/index.php?rest_route=%2Fwp%2Fv2%2Fcomments&post=150"}],"version-history":[{"count":24,"href":"https:\/\/tybet.hfhr.org.pl\/index.php?rest_route=\/wp\/v2\/pages\/150\/revisions"}],"predecessor-version":[{"id":14679,"href":"https:\/\/tybet.hfhr.org.pl\/index.php?rest_route=\/wp\/v2\/pages\/150\/revisions\/14679"}],"wp:attachment":[{"href":"https:\/\/tybet.hfhr.org.pl\/index.php?rest_route=%2Fwp%2Fv2%2Fmedia&parent=150"}],"curies":[{"name":"wp","href":"https:\/\/api.w.org\/{rel}","templated":true}]}}