{"id":2169,"date":"2015-11-01T14:35:59","date_gmt":"2015-11-01T13:35:59","guid":{"rendered":"http:\/\/www.hfhrpol.waw.pl\/tybet\/?page_id=2169"},"modified":"2015-11-01T14:35:59","modified_gmt":"2015-11-01T13:35:59","slug":"pomoc","status":"publish","type":"page","link":"https:\/\/tybet.hfhr.org.pl\/?page_id=2169","title":{"rendered":"Pomoc"},"content":{"rendered":"<p><strong>\u201eNiewidzialne kajdany\u201d: pomoc dla by\u0142ych wi\u0119\u017ani\u00f3w politycznych i rodzin skazanych<\/strong><\/p>\n<p>Stowarzyszeniu Studenci dla Wolnego Tybetu, wsp\u00f3lnie z Helsi\u0144sk\u0105 Fundacj\u0105 Praw Cz\u0142owieka, uda\u0142o si\u0119 wypracowa\u0107 kontakty, kt\u00f3re pozwalaj\u0105 na pewne i bezpieczne przekazywanie finansowego wsparcia by\u0142ym wi\u0119\u017aniom i najbli\u017cszym skazanych za przest\u0119pstwa polityczne w Tybecie.<\/p>\n<p>Wyrok za \u201ezbrodnie\u201d, takie jak posiadanie zdj\u0119cia Dalajlamy czy krzykni\u0119cie \u201eWolno\u015b\u0107 dla Tybetu\u201d, oznacza tragedi\u0119 dla ca\u0142ej rodziny: bicie i tortury za kratami oraz szykanowanie krewnych. Wyj\u015bcie na \u201ewolno\u015b\u0107\u201d \u2013 to ci\u0105g\u0142a inwigilacja, przes\u0142uchania, niemo\u017cno\u015b\u0107 znalezienia pracy czy powrotu do klasztoru.<\/p>\n<p>Pomoc prze\u015bladowanym i ich bliskim by\u0142a fundamentem KOR-u i Solidarno\u015bci oraz katalizatorem przemian, kt\u00f3re da\u0142y nam wolno\u015b\u0107. Dzi\u015b mo\u017cemy odwdzi\u0119czy\u0107 si\u0119 za wsparcie, jakiego udziela\u0142 nam wtedy wolny \u015bwiat, pomagaj\u0105c zrywa\u0107 \u201eniewidzialne kajdany\u201d w Tybecie.<\/p>\n<p>wi\u0119cej: <a href=\"http:\/\/www.sft.org.pl\/niewidzialne-kajdany\/\" target=\"_blank\">Stowarzyszenie Studenci dla Wolnego Tybetu<\/a><\/p>\n","protected":false},"excerpt":{"rendered":"<p>\u201eNiewidzialne kajdany\u201d: pomoc dla by\u0142ych wi\u0119\u017ani\u00f3w politycznych i rodzin skazanych Stowarzyszeniu Studenci dla Wolnego Tybetu, wsp\u00f3lnie z Helsi\u0144sk\u0105 Fundacj\u0105 Praw Cz\u0142owieka, uda\u0142o si\u0119 wypracowa\u0107 kontakty, kt\u00f3re pozwalaj\u0105 na pewne i bezpieczne przekazywanie finansowego wsparcia by\u0142ym wi\u0119\u017aniom i najbli\u017cszym skazanych za przest\u0119pstwa polityczne w Tybecie. Wyrok za \u201ezbrodnie\u201d, takie jak posiadanie zdj\u0119cia Dalajlamy czy krzykni\u0119cie \u201eWolno\u015b\u0107 [&hellip;]<\/p>\n","protected":false},"author":1,"featured_media":2175,"parent":0,"menu_order":0,"comment_status":"closed","ping_status":"closed","template":"page-templates\/full-width.php","meta":{"footnotes":""},"class_list":["post-2169","page","type-page","status-publish","has-post-thumbnail","hentry"],"_links":{"self":[{"href":"https:\/\/tybet.hfhr.org.pl\/index.php?rest_route=\/wp\/v2\/pages\/2169","targetHints":{"allow":["GET"]}}],"collection":[{"href":"https:\/\/tybet.hfhr.org.pl\/index.php?rest_route=\/wp\/v2\/pages"}],"about":[{"href":"https:\/\/tybet.hfhr.org.pl\/index.php?rest_route=\/wp\/v2\/types\/page"}],"author":[{"embeddable":true,"href":"https:\/\/tybet.hfhr.org.pl\/index.php?rest_route=\/wp\/v2\/users\/1"}],"replies":[{"embeddable":true,"href":"https:\/\/tybet.hfhr.org.pl\/index.php?rest_route=%2Fwp%2Fv2%2Fcomments&post=2169"}],"version-history":[{"count":1,"href":"https:\/\/tybet.hfhr.org.pl\/index.php?rest_route=\/wp\/v2\/pages\/2169\/revisions"}],"predecessor-version":[{"id":2176,"href":"https:\/\/tybet.hfhr.org.pl\/index.php?rest_route=\/wp\/v2\/pages\/2169\/revisions\/2176"}],"wp:featuredmedia":[{"embeddable":true,"href":"https:\/\/tybet.hfhr.org.pl\/index.php?rest_route=\/wp\/v2\/media\/2175"}],"wp:attachment":[{"href":"https:\/\/tybet.hfhr.org.pl\/index.php?rest_route=%2Fwp%2Fv2%2Fmedia&parent=2169"}],"curies":[{"name":"wp","href":"https:\/\/api.w.org\/{rel}","templated":true}]}}